{"id":17,"date":"2025-10-21T10:06:17","date_gmt":"2025-10-21T10:06:17","guid":{"rendered":"https:\/\/ampaliceofrancestenerife.es\/?page_id=17"},"modified":"2025-10-21T13:53:37","modified_gmt":"2025-10-21T13:53:37","slug":"buzon-de-sugerencias","status":"publish","type":"page","link":"https:\/\/ampaliceofrancestenerife.es\/index.php\/buzon-de-sugerencias\/","title":{"rendered":"FORO y SUGERENCIAS"},"content":{"rendered":"\n<div class=\"wp-block-group alignfull has-accent-4-background-color has-background is-vertical is-content-justification-center is-nowrap is-layout-flex wp-container-core-group-is-layout-2215816d wp-block-group-is-layout-flex\" style=\"min-height:100vh;margin-top:0;margin-bottom:0;padding-top:var(--wp--preset--spacing--50);padding-right:var(--wp--preset--spacing--50);padding-bottom:var(--wp--preset--spacing--50);padding-left:var(--wp--preset--spacing--50)\">\n<div class=\"wp-block-columns alignwide are-vertically-aligned-center is-layout-flex wp-container-core-columns-is-layout-47c06fe3 wp-block-columns-is-layout-flex\">\n<div class=\"wp-block-column is-vertically-aligned-center is-layout-flow wp-block-column-is-layout-flow\" style=\"flex-basis:40%\">\n<div class=\"wp-block-group is-layout-flow wp-container-core-group-is-layout-8f7ed23f wp-block-group-is-layout-flow\" style=\"min-height:100%;margin-top:0;margin-bottom:0;padding-right:0;padding-left:0\">\n<div class=\"wp-block-group has-global-padding is-content-justification-left is-layout-constrained wp-container-core-group-is-layout-0207514c wp-block-group-is-layout-constrained\" style=\"padding-right:0;padding-left:0\">\n<p class=\"wp-container-content-0733e5d0\">Este espacio funciona como un&nbsp;<strong>buz\u00f3n abierto de sugerencias<\/strong>, fomentando la colaboraci\u00f3n y el intercambio de experiencias entre familias. Nuestro objetivo es&nbsp;<strong>mejorar la vida escolar y fortalecer la relaci\u00f3n entre las familias y el colegio<\/strong>, siempre de manera constructiva y respetuosa.<\/p>\n\n\n\n<div class=\"wp-block-buttons is-layout-flex wp-block-buttons-is-layout-flex\">\n<div class=\"wp-block-button\"><a class=\"wp-block-button__link wp-element-button\" href=\"https:\/\/ampaliceofrancestenerife.es\/index.php\/foro\/foro\/foro-y-sugerencias\/\">ENTRA EN EL FORO<\/a><\/div>\n<\/div>\n\n\n\n<p class=\"wp-container-content-0733e5d0\">El AMPA pone a disposici\u00f3n de las familias un espacio de&nbsp;<strong>participaci\u00f3n y di\u00e1logo<\/strong>&nbsp;con el colegio. A trav\u00e9s de este foro, los padres pueden&nbsp;<strong>compartir ideas, plantear dudas o sugerencias<\/strong>&nbsp;y comunicarse tanto con otros miembros de la comunidad como con el equipo directivo del centro.<\/p>\n<\/div>\n<\/div>\n<\/div>\n\n\n\n<div class=\"wp-block-column is-vertically-aligned-top is-layout-flow wp-block-column-is-layout-flow\" style=\"flex-basis:60%\">\n<figure class=\"wp-block-image size-large is-style-rounded is-style-rounded--1\"><img loading=\"lazy\" decoding=\"async\" width=\"1024\" height=\"572\" src=\"https:\/\/ampaliceofrancestenerife.es\/wp-content\/uploads\/2025\/10\/Captura-de-pantalla-2025-10-21-a-las-13.57.11-1024x572.png\" alt=\"\" class=\"wp-image-22\" style=\"aspect-ratio:3\/4;object-fit:cover\" srcset=\"https:\/\/ampaliceofrancestenerife.es\/wp-content\/uploads\/2025\/10\/Captura-de-pantalla-2025-10-21-a-las-13.57.11-1024x572.png 1024w, https:\/\/ampaliceofrancestenerife.es\/wp-content\/uploads\/2025\/10\/Captura-de-pantalla-2025-10-21-a-las-13.57.11-300x168.png 300w, https:\/\/ampaliceofrancestenerife.es\/wp-content\/uploads\/2025\/10\/Captura-de-pantalla-2025-10-21-a-las-13.57.11-768x429.png 768w, https:\/\/ampaliceofrancestenerife.es\/wp-content\/uploads\/2025\/10\/Captura-de-pantalla-2025-10-21-a-las-13.57.11-1536x858.png 1536w, https:\/\/ampaliceofrancestenerife.es\/wp-content\/uploads\/2025\/10\/Captura-de-pantalla-2025-10-21-a-las-13.57.11-2048x1144.png 2048w\" sizes=\"auto, (max-width: 1024px) 100vw, 1024px\" \/><\/figure>\n<\/div>\n<\/div>\n<\/div>\n","protected":false},"excerpt":{"rendered":"<p>Este espacio funciona como un&nbsp;buz\u00f3n abierto de sugerencias, fomentando la colaboraci\u00f3n y el intercambio de experiencias entre familias. Nuestro objetivo es&nbsp;mejorar la vida escolar y fortalecer la relaci\u00f3n entre las familias y el colegio, siempre de manera constructiva y respetuosa. El AMPA pone a disposici\u00f3n de las familias un espacio de&nbsp;participaci\u00f3n y di\u00e1logo&nbsp;con el colegio. [&hellip;]<\/p>\n","protected":false},"author":1,"featured_media":0,"parent":0,"menu_order":0,"comment_status":"closed","ping_status":"closed","template":"","meta":{"_bbp_topic_count":0,"_bbp_reply_count":0,"_bbp_total_topic_count":0,"_bbp_total_reply_count":0,"_bbp_voice_count":0,"_bbp_anonymous_reply_count":0,"_bbp_topic_count_hidden":0,"_bbp_reply_count_hidden":0,"_bbp_forum_subforum_count":0,"footnotes":""},"class_list":["post-17","page","type-page","status-publish","hentry"],"_links":{"self":[{"href":"https:\/\/ampaliceofrancestenerife.es\/index.php\/wp-json\/wp\/v2\/pages\/17","targetHints":{"allow":["GET"]}}],"collection":[{"href":"https:\/\/ampaliceofrancestenerife.es\/index.php\/wp-json\/wp\/v2\/pages"}],"about":[{"href":"https:\/\/ampaliceofrancestenerife.es\/index.php\/wp-json\/wp\/v2\/types\/page"}],"author":[{"embeddable":true,"href":"https:\/\/ampaliceofrancestenerife.es\/index.php\/wp-json\/wp\/v2\/users\/1"}],"replies":[{"embeddable":true,"href":"https:\/\/ampaliceofrancestenerife.es\/index.php\/wp-json\/wp\/v2\/comments?post=17"}],"version-history":[{"count":4,"href":"https:\/\/ampaliceofrancestenerife.es\/index.php\/wp-json\/wp\/v2\/pages\/17\/revisions"}],"predecessor-version":[{"id":40,"href":"https:\/\/ampaliceofrancestenerife.es\/index.php\/wp-json\/wp\/v2\/pages\/17\/revisions\/40"}],"wp:attachment":[{"href":"https:\/\/ampaliceofrancestenerife.es\/index.php\/wp-json\/wp\/v2\/media?parent=17"}],"curies":[{"name":"wp","href":"https:\/\/api.w.org\/{rel}","templated":true}]}}