{"id":2,"date":"2025-10-20T15:42:39","date_gmt":"2025-10-20T15:42:39","guid":{"rendered":"http:\/\/ampaliq.cluster021.hosting.ovh.net\/?page_id=2"},"modified":"2025-10-21T21:37:28","modified_gmt":"2025-10-21T21:37:28","slug":"sample-page","status":"publish","type":"page","link":"https:\/\/ampaliceofrancestenerife.es\/index.php\/sample-page\/","title":{"rendered":"NETWORKING Y ANUNCIOS"},"content":{"rendered":"\n<p>Este espacio est\u00e1 pensado para facilitar la comunicaci\u00f3n y el intercambio entre las familias del Liceo Franc\u00e9s de Tenerife. Aqu\u00ed los padres pueden&nbsp;<strong>ofertar o solicitar servicios<\/strong>,&nbsp;<strong>compartir iniciativas<\/strong>,&nbsp;<strong>crear redes de contacto<\/strong>&nbsp;y&nbsp;<strong>colaborar entre ellos<\/strong>.<\/p>\n\n\n\n<p>Es un lugar abierto para promover el&nbsp;<strong>networking familiar y profesional<\/strong>, el&nbsp;<strong>intercambio de idiomas<\/strong>&nbsp;(por ejemplo, franc\u00e9s-espa\u00f1ol), la&nbsp;<strong>colaboraci\u00f3n en proyectos<\/strong>, o simplemente para&nbsp;<strong>encontrar apoyo dentro de la comunidad escolar<\/strong>.<\/p>\n\n\n\n\n\n\n\n<p><\/p>\n\n\n\n<p><\/p>\n\n\n\n<p><\/p>\n","protected":false},"excerpt":{"rendered":"<p>Este espacio est\u00e1 pensado para facilitar la comunicaci\u00f3n y el intercambio entre las familias del Liceo Franc\u00e9s de Tenerife. Aqu\u00ed los padres pueden&nbsp;ofertar o solicitar servicios,&nbsp;compartir iniciativas,&nbsp;crear redes de contacto&nbsp;y&nbsp;colaborar entre ellos. Es un lugar abierto para promover el&nbsp;networking familiar y profesional, el&nbsp;intercambio de idiomas&nbsp;(por ejemplo, franc\u00e9s-espa\u00f1ol), la&nbsp;colaboraci\u00f3n en proyectos, o simplemente para&nbsp;encontrar apoyo dentro [&hellip;]<\/p>\n","protected":false},"author":1,"featured_media":0,"parent":0,"menu_order":0,"comment_status":"closed","ping_status":"open","template":"","meta":{"_bbp_topic_count":0,"_bbp_reply_count":0,"_bbp_total_topic_count":0,"_bbp_total_reply_count":0,"_bbp_voice_count":0,"_bbp_anonymous_reply_count":0,"_bbp_topic_count_hidden":0,"_bbp_reply_count_hidden":0,"_bbp_forum_subforum_count":0,"footnotes":""},"class_list":["post-2","page","type-page","status-publish","hentry"],"_links":{"self":[{"href":"https:\/\/ampaliceofrancestenerife.es\/index.php\/wp-json\/wp\/v2\/pages\/2","targetHints":{"allow":["GET"]}}],"collection":[{"href":"https:\/\/ampaliceofrancestenerife.es\/index.php\/wp-json\/wp\/v2\/pages"}],"about":[{"href":"https:\/\/ampaliceofrancestenerife.es\/index.php\/wp-json\/wp\/v2\/types\/page"}],"author":[{"embeddable":true,"href":"https:\/\/ampaliceofrancestenerife.es\/index.php\/wp-json\/wp\/v2\/users\/1"}],"replies":[{"embeddable":true,"href":"https:\/\/ampaliceofrancestenerife.es\/index.php\/wp-json\/wp\/v2\/comments?post=2"}],"version-history":[{"count":4,"href":"https:\/\/ampaliceofrancestenerife.es\/index.php\/wp-json\/wp\/v2\/pages\/2\/revisions"}],"predecessor-version":[{"id":93,"href":"https:\/\/ampaliceofrancestenerife.es\/index.php\/wp-json\/wp\/v2\/pages\/2\/revisions\/93"}],"wp:attachment":[{"href":"https:\/\/ampaliceofrancestenerife.es\/index.php\/wp-json\/wp\/v2\/media?parent=2"}],"curies":[{"name":"wp","href":"https:\/\/api.w.org\/{rel}","templated":true}]}}